{"id":12,"date":"2021-07-09T12:43:02","date_gmt":"2021-07-09T12:43:02","guid":{"rendered":"https:\/\/bridge460.qodeinteractive.com\/?page_id=12"},"modified":"2022-03-11T13:37:10","modified_gmt":"2022-03-11T12:37:10","slug":"destinations","status":"publish","type":"page","link":"https:\/\/casadori.com\/?page_id=12","title":{"rendered":"Sitios de inter\u00e9s"},"content":{"rendered":"\t\t<div data-elementor-type=\"wp-page\" data-elementor-id=\"12\" class=\"elementor elementor-12\">\n\t\t\t\t\t\t<section class=\"elementor-section elementor-top-section elementor-element elementor-element-4d8dd03 elementor-section-full_width elementor-section-height-default elementor-section-height-default parallax_section_no qode_elementor_container_no\" data-id=\"4d8dd03\" data-element_type=\"section\" data-e-type=\"section\">\n\t\t\t\t\t\t<div class=\"elementor-container elementor-column-gap-default\">\n\t\t\t\t\t<div class=\"elementor-column elementor-col-100 elementor-top-column elementor-element elementor-element-af2051b\" data-id=\"af2051b\" data-element_type=\"column\" data-e-type=\"column\">\n\t\t\t<div class=\"elementor-widget-wrap elementor-element-populated\">\n\t\t\t\t\t\t<section class=\"elementor-section elementor-inner-section elementor-element elementor-element-1fc1479 elementor-section-full_width qode_elementor_container_inner elementor-section-height-default elementor-section-height-default parallax_section_no\" data-id=\"1fc1479\" data-element_type=\"section\" data-e-type=\"section\">\n\t\t\t\t\t\t<div class=\"elementor-container elementor-column-gap-default\">\n\t\t\t\t\t<div class=\"elementor-column elementor-col-33 elementor-inner-column elementor-element elementor-element-545eea6\" data-id=\"545eea6\" data-element_type=\"column\" data-e-type=\"column\">\n\t\t\t<div class=\"elementor-widget-wrap elementor-element-populated\">\n\t\t\t\t\t\t<div class=\"elementor-element elementor-element-a2a9fdd elementor-widget__width-auto elementor-widget elementor-widget-bridge_image_gallery\" data-id=\"a2a9fdd\" data-element_type=\"widget\" data-e-type=\"widget\" data-widget_type=\"bridge_image_gallery.default\">\n\t\t\t\t<div class=\"elementor-widget-container\">\n\t\t\t\t\t<div class=\"qode-image-gallery\"><div class=\"qode-image-gallery-inner\"><div class=\"qode-image-gallery-slides wpb_image_grid\" data-interval=\"\"data-control=\"false\"data-direction=\"false\"data-pause-on-hover=\"false\"data-drag=\"false\"><div class=\"gallery_holder\"><ul class=\"gallery_inner   v0\"><li class=\"no_grayscale\"><a itemprop=\"image\" class=\"qode-prettyphoto\" href=\"https:\/\/casadori.com\/wp-content\/uploads\/2022\/03\/2-3.png\" data-rel=\"prettyPhoto[rel-12-3128688899]\"><span class=\"gallery_hover\"><i class=\"fa fa-search\"><\/i><\/span><img decoding=\"async\" itemprop=\"image\" src=\"https:\/\/casadori.com\/wp-content\/uploads\/2022\/03\/2-3.png\" \/><\/a><\/li><\/ul><\/div><\/div><\/div><\/div>\t\t\t\t<\/div>\n\t\t\t\t<\/div>\n\t\t\t\t<div class=\"elementor-element elementor-element-0a5b745 elementor-widget elementor-widget-text-editor\" data-id=\"0a5b745\" data-element_type=\"widget\" data-e-type=\"widget\" data-widget_type=\"text-editor.default\">\n\t\t\t\t<div class=\"elementor-widget-container\">\n\t\t\t\t\t\t\t\t\t<h4>Turismo<\/h4>\t\t\t\t\t\t\t\t<\/div>\n\t\t\t\t<\/div>\n\t\t\t\t<div class=\"elementor-element elementor-element-fc5a8c1 elementor-widget elementor-widget-text-editor\" data-id=\"fc5a8c1\" data-element_type=\"widget\" data-e-type=\"widget\" data-widget_type=\"text-editor.default\">\n\t\t\t\t<div class=\"elementor-widget-container\">\n\t\t\t\t\t\t\t\t\t<h3><a href=\"https:\/\/turismo.toledo.es\/\">Casco hist\u00f3rico de Toledo<\/a><\/h3>\t\t\t\t\t\t\t\t<\/div>\n\t\t\t\t<\/div>\n\t\t\t\t<div class=\"elementor-element elementor-element-6f203a6 elementor-widget elementor-widget-text-editor\" data-id=\"6f203a6\" data-element_type=\"widget\" data-e-type=\"widget\" data-widget_type=\"text-editor.default\">\n\t\t\t\t<div class=\"elementor-widget-container\">\n\t\t\t\t\t\t\t\t\t<p>Toledo es una antigua ciudad ubicada en una colina sobre las llanuras de Castilla-La Mancha, en Espa\u00f1a central. Es la capital de la regi\u00f3n y es conocida por los monumentos medievales \u00e1rabes, jud\u00edos y cristianos en su ciudad antigua amurallada.\u00a0<\/p>\t\t\t\t\t\t\t\t<\/div>\n\t\t\t\t<\/div>\n\t\t\t\t\t<\/div>\n\t\t<\/div>\n\t\t\t\t<div class=\"elementor-column elementor-col-33 elementor-inner-column elementor-element elementor-element-db95c89\" data-id=\"db95c89\" data-element_type=\"column\" data-e-type=\"column\">\n\t\t\t<div class=\"elementor-widget-wrap elementor-element-populated\">\n\t\t\t\t\t\t<div class=\"elementor-element elementor-element-6a61a5b elementor-widget__width-auto elementor-widget elementor-widget-bridge_image_gallery\" data-id=\"6a61a5b\" data-element_type=\"widget\" data-e-type=\"widget\" data-widget_type=\"bridge_image_gallery.default\">\n\t\t\t\t<div class=\"elementor-widget-container\">\n\t\t\t\t\t<div class=\"qode-image-gallery\"><div class=\"qode-image-gallery-inner\"><div class=\"qode-image-gallery-slides wpb_image_grid\" data-interval=\"\"data-control=\"false\"data-direction=\"false\"data-pause-on-hover=\"false\"data-drag=\"false\"><div class=\"gallery_holder\"><ul class=\"gallery_inner   v0\"><li class=\"no_grayscale\"><a itemprop=\"image\" class=\"qode-prettyphoto\" href=\"https:\/\/casadori.com\/wp-content\/uploads\/2022\/03\/1-1.png\" data-rel=\"prettyPhoto[rel-12-2765477719]\"><span class=\"gallery_hover\"><i class=\"fa fa-search\"><\/i><\/span><img decoding=\"async\" itemprop=\"image\" src=\"https:\/\/casadori.com\/wp-content\/uploads\/2022\/03\/1-1.png\" \/><\/a><\/li><\/ul><\/div><\/div><\/div><\/div>\t\t\t\t<\/div>\n\t\t\t\t<\/div>\n\t\t\t\t<div class=\"elementor-element elementor-element-8d9fc35 elementor-widget elementor-widget-text-editor\" data-id=\"8d9fc35\" data-element_type=\"widget\" data-e-type=\"widget\" data-widget_type=\"text-editor.default\">\n\t\t\t\t<div class=\"elementor-widget-container\">\n\t\t\t\t\t\t\t\t\t<h4>Sitios por conocer<\/h4>\t\t\t\t\t\t\t\t<\/div>\n\t\t\t\t<\/div>\n\t\t\t\t<div class=\"elementor-element elementor-element-a3f1082 elementor-widget elementor-widget-text-editor\" data-id=\"a3f1082\" data-element_type=\"widget\" data-e-type=\"widget\" data-widget_type=\"text-editor.default\">\n\t\t\t\t<div class=\"elementor-widget-container\">\n\t\t\t\t\t\t\t\t\t<h3><a href=\"http:\/\/www.turismocastillalamancha.es\/patrimonio\/parque-arqueologico-de-carranque-19764\/descripcion\/\">Ruinas romanas de Carranque.<\/a><\/h3>\t\t\t\t\t\t\t\t<\/div>\n\t\t\t\t<\/div>\n\t\t\t\t<div class=\"elementor-element elementor-element-b59146f elementor-widget elementor-widget-text-editor\" data-id=\"b59146f\" data-element_type=\"widget\" data-e-type=\"widget\" data-widget_type=\"text-editor.default\">\n\t\t\t\t<div class=\"elementor-widget-container\">\n\t\t\t\t\t\t\t\t\t<p>La villa romana de Carranque es una villa romana situada en el municipio espa\u00f1ol de Carranque, en la provincia de Toledo, comunidad aut\u00f3noma de Castilla-La Mancha. Puede que fuese construida por Materno Cinegio, t\u00edo del emperador Teodosio. Est\u00e1 bellamente decorada con mosaicos y tiene al lado una bas\u00edlica paleocristiana y un ninfeo.<\/p>\t\t\t\t\t\t\t\t<\/div>\n\t\t\t\t<\/div>\n\t\t\t\t\t<\/div>\n\t\t<\/div>\n\t\t\t\t<div class=\"elementor-column elementor-col-33 elementor-inner-column elementor-element elementor-element-845eaf2\" data-id=\"845eaf2\" data-element_type=\"column\" data-e-type=\"column\">\n\t\t\t<div class=\"elementor-widget-wrap elementor-element-populated\">\n\t\t\t\t\t\t<div class=\"elementor-element elementor-element-aef8873 elementor-widget__width-auto elementor-widget elementor-widget-bridge_image_gallery\" data-id=\"aef8873\" data-element_type=\"widget\" data-e-type=\"widget\" data-widget_type=\"bridge_image_gallery.default\">\n\t\t\t\t<div class=\"elementor-widget-container\">\n\t\t\t\t\t<div class=\"qode-image-gallery\"><div class=\"qode-image-gallery-inner\"><div class=\"qode-image-gallery-slides wpb_image_grid\" data-interval=\"\"data-control=\"false\"data-direction=\"false\"data-pause-on-hover=\"false\"data-drag=\"false\"><div class=\"gallery_holder\"><ul class=\"gallery_inner   v0\"><li class=\"no_grayscale\"><a itemprop=\"image\" class=\"qode-prettyphoto\" href=\"https:\/\/casadori.com\/wp-content\/uploads\/2022\/03\/3-1.png\" data-rel=\"prettyPhoto[rel-12-2370007406]\"><span class=\"gallery_hover\"><i class=\"fa fa-search\"><\/i><\/span><img decoding=\"async\" itemprop=\"image\" src=\"https:\/\/casadori.com\/wp-content\/uploads\/2022\/03\/3-1.png\" \/><\/a><\/li><\/ul><\/div><\/div><\/div><\/div>\t\t\t\t<\/div>\n\t\t\t\t<\/div>\n\t\t\t\t<div class=\"elementor-element elementor-element-72365da elementor-widget elementor-widget-text-editor\" data-id=\"72365da\" data-element_type=\"widget\" data-e-type=\"widget\" data-widget_type=\"text-editor.default\">\n\t\t\t\t<div class=\"elementor-widget-container\">\n\t\t\t\t\t\t\t\t\t<h4>\u00d3cio<\/h4>\t\t\t\t\t\t\t\t<\/div>\n\t\t\t\t<\/div>\n\t\t\t\t<div class=\"elementor-element elementor-element-de8aa9e elementor-widget elementor-widget-text-editor\" data-id=\"de8aa9e\" data-element_type=\"widget\" data-e-type=\"widget\" data-widget_type=\"text-editor.default\">\n\t\t\t\t<div class=\"elementor-widget-container\">\n\t\t\t\t\t\t\t\t\t<h3><a href=\"https:\/\/www.puydufou.com\/espana\/es\">Puy du fou<\/a><\/h3>\t\t\t\t\t\t\t\t<\/div>\n\t\t\t\t<\/div>\n\t\t\t\t<div class=\"elementor-element elementor-element-c672176 elementor-widget elementor-widget-text-editor\" data-id=\"c672176\" data-element_type=\"widget\" data-e-type=\"widget\" data-widget_type=\"text-editor.default\">\n\t\t\t\t<div class=\"elementor-widget-container\">\n\t\t\t\t\t\t\t\t\t<p>Puy du Fou Espa\u00f1a es un parque tem\u00e1tico espa\u00f1ol de tem\u00e1tica hist\u00f3rica que se sit\u00faa en Toledo. Consta de un espect\u00e1culo nocturno, El Sue\u00f1o de Toledo, inaugurado el 30 de agosto de 2019, \u200b y de un parque tem\u00e1tico, inaugurado el 27 de marzo de 2021.\u200b\u200b<\/p>\t\t\t\t\t\t\t\t<\/div>\n\t\t\t\t<\/div>\n\t\t\t\t\t<\/div>\n\t\t<\/div>\n\t\t\t\t\t<\/div>\n\t\t<\/section>\n\t\t\t\t<section class=\"elementor-section elementor-inner-section elementor-element elementor-element-a63fad3 elementor-section-full_width qode_elementor_container_inner elementor-section-height-default elementor-section-height-default parallax_section_no\" data-id=\"a63fad3\" data-element_type=\"section\" data-e-type=\"section\">\n\t\t\t\t\t\t<div class=\"elementor-container elementor-column-gap-default\">\n\t\t\t\t\t<div class=\"elementor-column elementor-col-33 elementor-inner-column elementor-element elementor-element-3744cd3\" data-id=\"3744cd3\" data-element_type=\"column\" data-e-type=\"column\">\n\t\t\t<div class=\"elementor-widget-wrap elementor-element-populated\">\n\t\t\t\t\t\t<div class=\"elementor-element elementor-element-d2d2668 elementor-widget__width-auto elementor-widget elementor-widget-bridge_image_gallery\" data-id=\"d2d2668\" data-element_type=\"widget\" data-e-type=\"widget\" data-widget_type=\"bridge_image_gallery.default\">\n\t\t\t\t<div class=\"elementor-widget-container\">\n\t\t\t\t\t<div class=\"qode-image-gallery\"><div class=\"qode-image-gallery-inner\"><div class=\"qode-image-gallery-slides wpb_image_grid\" data-interval=\"\"data-control=\"false\"data-direction=\"false\"data-pause-on-hover=\"false\"data-drag=\"false\"><div class=\"gallery_holder\"><ul class=\"gallery_inner   v0\"><li class=\"no_grayscale\"><a itemprop=\"image\" class=\"qode-prettyphoto\" href=\"https:\/\/casadori.com\/wp-content\/uploads\/2022\/03\/4-2.png\" data-rel=\"prettyPhoto[rel-12-3749869067]\"><span class=\"gallery_hover\"><i class=\"fa fa-search\"><\/i><\/span><img decoding=\"async\" itemprop=\"image\" src=\"https:\/\/casadori.com\/wp-content\/uploads\/2022\/03\/4-2.png\" \/><\/a><\/li><\/ul><\/div><\/div><\/div><\/div>\t\t\t\t<\/div>\n\t\t\t\t<\/div>\n\t\t\t\t<div class=\"elementor-element elementor-element-6e41391 elementor-widget elementor-widget-text-editor\" data-id=\"6e41391\" data-element_type=\"widget\" data-e-type=\"widget\" data-widget_type=\"text-editor.default\">\n\t\t\t\t<div class=\"elementor-widget-container\">\n\t\t\t\t\t\t\t\t\t<h4>D\u00f3nde comer<\/h4>\t\t\t\t\t\t\t\t<\/div>\n\t\t\t\t<\/div>\n\t\t\t\t<div class=\"elementor-element elementor-element-a714f83 elementor-widget elementor-widget-text-editor\" data-id=\"a714f83\" data-element_type=\"widget\" data-e-type=\"widget\" data-widget_type=\"text-editor.default\">\n\t\t\t\t<div class=\"elementor-widget-container\">\n\t\t\t\t\t\t\t\t\t<h3><a href=\"http:\/\/www.mesonelmolino.es\/\">Mes\u00f3n El Molino<\/a><\/h3>\t\t\t\t\t\t\t\t<\/div>\n\t\t\t\t<\/div>\n\t\t\t\t<div class=\"elementor-element elementor-element-3a054be elementor-widget elementor-widget-text-editor\" data-id=\"3a054be\" data-element_type=\"widget\" data-e-type=\"widget\" data-widget_type=\"text-editor.default\">\n\t\t\t\t<div class=\"elementor-widget-container\">\n\t\t\t\t\t\t\t\t\t<p>En el pueblo existe un magn\u00edfico restaurante especializado en cordero.<\/p>\t\t\t\t\t\t\t\t<\/div>\n\t\t\t\t<\/div>\n\t\t\t\t\t<\/div>\n\t\t<\/div>\n\t\t\t\t<div class=\"elementor-column elementor-col-33 elementor-inner-column elementor-element elementor-element-aad3d66\" data-id=\"aad3d66\" data-element_type=\"column\" data-e-type=\"column\">\n\t\t\t<div class=\"elementor-widget-wrap elementor-element-populated\">\n\t\t\t\t\t\t<div class=\"elementor-element elementor-element-b381d84 elementor-widget__width-auto elementor-widget elementor-widget-bridge_image_gallery\" data-id=\"b381d84\" data-element_type=\"widget\" data-e-type=\"widget\" data-widget_type=\"bridge_image_gallery.default\">\n\t\t\t\t<div class=\"elementor-widget-container\">\n\t\t\t\t\t<div class=\"qode-image-gallery\"><div class=\"qode-image-gallery-inner\"><div class=\"qode-image-gallery-slides wpb_image_grid\" data-interval=\"\"data-control=\"false\"data-direction=\"false\"data-pause-on-hover=\"false\"data-drag=\"false\"><div class=\"gallery_holder\"><ul class=\"gallery_inner   v0\"><li class=\"no_grayscale\"><a itemprop=\"image\" class=\"qode-prettyphoto\" href=\"https:\/\/casadori.com\/wp-content\/uploads\/2022\/03\/Diseno-sin-titulo-27.png\" data-rel=\"prettyPhoto[rel-12-1678601399]\"><span class=\"gallery_hover\"><i class=\"fa fa-search\"><\/i><\/span><img decoding=\"async\" itemprop=\"image\" src=\"https:\/\/casadori.com\/wp-content\/uploads\/2022\/03\/Diseno-sin-titulo-27.png\" \/><\/a><\/li><\/ul><\/div><\/div><\/div><\/div>\t\t\t\t<\/div>\n\t\t\t\t<\/div>\n\t\t\t\t<div class=\"elementor-element elementor-element-0930f42 elementor-widget elementor-widget-text-editor\" data-id=\"0930f42\" data-element_type=\"widget\" data-e-type=\"widget\" data-widget_type=\"text-editor.default\">\n\t\t\t\t<div class=\"elementor-widget-container\">\n\t\t\t\t\t\t\t\t\t<h4>Para tomar algo<\/h4>\t\t\t\t\t\t\t\t<\/div>\n\t\t\t\t<\/div>\n\t\t\t\t<div class=\"elementor-element elementor-element-74359b9 elementor-widget elementor-widget-text-editor\" data-id=\"74359b9\" data-element_type=\"widget\" data-e-type=\"widget\" data-widget_type=\"text-editor.default\">\n\t\t\t\t<div class=\"elementor-widget-container\">\n\t\t\t\t\t\t\t\t\t<h3><a href=\"https:\/\/www.google.com\/search?q=bar+de+vicente+yunclillos&amp;rlz=1C1CHBF_esES891ES891&amp;sxsrf=APq-WBuQoz8vTWtL3mgShoAGdYulNVqPRw%3A1647000124920&amp;ei=PDorYqfkN66NlwTX54rIBA&amp;ved=0ahUKEwin8o_Lgb72AhWuxoUKHdezAkkQ4dUDCA4&amp;uact=5&amp;oq=bar+de+vicente+yunclillos&amp;gs_lcp=Cgdnd3Mtd2l6EAMyBggAEBYQHjoHCAAQsAMQHjoJCAAQsAMQCBAeOgUIIRCgAUoECEEYAUoECEYYAFCdBFiGKmDgKmgIcAB4AIABpAGIAfgOkgEENC4xM5gBAKABAcgBCsABAQ&amp;sclient=gws-wiz#lrd=0xd41e69c48a24009:0xea63b02c99b953c7,1,,,\">Bar de Vicente<\/a><\/h3>\t\t\t\t\t\t\t\t<\/div>\n\t\t\t\t<\/div>\n\t\t\t\t<div class=\"elementor-element elementor-element-0e14f6e elementor-widget elementor-widget-text-editor\" data-id=\"0e14f6e\" data-element_type=\"widget\" data-e-type=\"widget\" data-widget_type=\"text-editor.default\">\n\t\t\t\t<div class=\"elementor-widget-container\">\n\t\t\t\t\t\t\t\t\t<p>Excelente bar en el pueblo para disfrutar el verano con amigos.<\/p>\t\t\t\t\t\t\t\t<\/div>\n\t\t\t\t<\/div>\n\t\t\t\t\t<\/div>\n\t\t<\/div>\n\t\t\t\t<div class=\"elementor-column elementor-col-33 elementor-inner-column elementor-element elementor-element-925cd9d\" data-id=\"925cd9d\" data-element_type=\"column\" data-e-type=\"column\">\n\t\t\t<div class=\"elementor-widget-wrap\">\n\t\t\t\t\t\t\t<\/div>\n\t\t<\/div>\n\t\t\t\t\t<\/div>\n\t\t<\/section>\n\t\t\t\t\t<\/div>\n\t\t<\/div>\n\t\t\t\t\t<\/div>\n\t\t<\/section>\n\t\t\t\t<\/div>\n\t\t","protected":false},"excerpt":{"rendered":"<p>Turismo Casco hist\u00f3rico de Toledo Toledo es una antigua ciudad ubicada en una colina sobre las llanuras de Castilla-La Mancha, en Espa\u00f1a central. Es la capital de la regi\u00f3n y es conocida por los monumentos medievales \u00e1rabes, jud\u00edos y cristianos en su ciudad antigua amurallada.\u00a0&#8230;<\/p>\n","protected":false},"author":1,"featured_media":0,"parent":0,"menu_order":0,"comment_status":"closed","ping_status":"closed","template":"","meta":{"om_disable_all_campaigns":false,"_monsterinsights_skip_tracking":false,"_monsterinsights_sitenote_active":false,"_monsterinsights_sitenote_note":"","_monsterinsights_sitenote_category":0,"_joinchat":[],"footnotes":""},"class_list":["post-12","page","type-page","status-publish","hentry"],"aioseo_notices":[],"_links":{"self":[{"href":"https:\/\/casadori.com\/index.php?rest_route=\/wp\/v2\/pages\/12","targetHints":{"allow":["GET"]}}],"collection":[{"href":"https:\/\/casadori.com\/index.php?rest_route=\/wp\/v2\/pages"}],"about":[{"href":"https:\/\/casadori.com\/index.php?rest_route=\/wp\/v2\/types\/page"}],"author":[{"embeddable":true,"href":"https:\/\/casadori.com\/index.php?rest_route=\/wp\/v2\/users\/1"}],"replies":[{"embeddable":true,"href":"https:\/\/casadori.com\/index.php?rest_route=%2Fwp%2Fv2%2Fcomments&post=12"}],"version-history":[{"count":34,"href":"https:\/\/casadori.com\/index.php?rest_route=\/wp\/v2\/pages\/12\/revisions"}],"predecessor-version":[{"id":1492,"href":"https:\/\/casadori.com\/index.php?rest_route=\/wp\/v2\/pages\/12\/revisions\/1492"}],"wp:attachment":[{"href":"https:\/\/casadori.com\/index.php?rest_route=%2Fwp%2Fv2%2Fmedia&parent=12"}],"curies":[{"name":"wp","href":"https:\/\/api.w.org\/{rel}","templated":true}]}}